{"id":4439,"date":"2018-01-24T17:03:44","date_gmt":"2018-01-24T17:03:44","guid":{"rendered":"http:\/\/www.montsefarre.com\/sobre-mi\/"},"modified":"2018-02-16T18:46:34","modified_gmt":"2018-02-16T18:46:34","slug":"sobre-mi","status":"publish","type":"page","link":"https:\/\/www.montsefarre.com\/ca\/sobre-mi\/","title":{"rendered":"Sobre mi"},"content":{"rendered":"<section class=\"wpb-content-wrapper\"><p>[vc_row][vc_column width=&#8221;4\/12&#8243; reveal_effect=&#8221;fadeIn&#8221; reveal_duration=&#8221;1&#8243; reveal_delay=&#8221;0.3&#8243;][vc_single_image image=&#8221;4549&#8243; img_size=&#8221;full&#8221;][\/vc_column][vc_column width=&#8221;2\/12&#8243; reveal_effect=&#8221;fadeIn&#8221; reveal_duration=&#8221;1.5&#8243; reveal_delay=&#8221;0.5&#8243;][\/vc_column][vc_column width=&#8221;6\/12&#8243;][vc_column_text]El meu nom \u00e9s Montse i m\u2019apassiona la meva feina.<\/p>\n<p>Sona ut\u00f2pic poder viure sense tenir en ment quants dies queden per a les vacances, sense pensar quantes hores queden d\u2019esfor\u00e7 o simplement poder fer alguna cosa que et pertanyi. \u00c9s possible, s\u2019arriba amb passi\u00f3.<\/p>\n<div class=\"SobreMiPadding\">\n<p>La passi\u00f3 \u00e9s aix\u00f2 que ens fa existir, aix\u00f2 que ens motiva a fer alguna cosa, a fer que passi, a fer-ho b\u00e9, a aconseguir aquest detall que ning\u00fa veu, aquest desig de fer, aquest sentit de pertinen\u00e7a que tenim per alguna cosa, aix\u00f2 \u00e9s la passi\u00f3. &#8230; La passi\u00f3, quan se sent i es descobreix, \u00e9s irremeiable, ning\u00fa pot amb ella.<\/p>\n<p>&#8230;<\/p>\n<p>La passi\u00f3 fa que perseveris, que passi el que passi tinguis molta m\u00e9s for\u00e7a per arribar al dest\u00ed proposat. L\u2019\u00fanica manera de superar els obstacles que trobar\u00e0s en el cam\u00ed \u00e9s estimant el que facis.<\/p>\n<p>&#8230;<\/p>\n<p>Passi\u00f3, treball, focus, executar, idees, cr\u00e9ixer, servir i persistir, el que va anomenar Richard ST. John l\u2019\u00e8xit, \u00e9s una jornada continuada.<\/p>\n<p>Oswaldo \u00c1lvarez<\/p><\/div>\n<p>Avui he pensat que era un bon dia per comen\u00e7ar l\u2019aventura de tenir la teva pr\u00f2pia p\u00e0gina web.<\/p>\n<p>Montse.[\/vc_column_text][\/vc_column][\/vc_row][vc_row][vc_column][vc_column_text]<\/p><\/div>\n<\/div>\n<p>[\/vc_column_text][\/vc_column][\/vc_row]<\/p>\n<\/section>","protected":false},"excerpt":{"rendered":"<p>[vc_row][vc_column width=&#8221;4\/12&#8243; reveal_effect=&#8221;fadeIn&#8221; reveal_duration=&#8221;1&#8243; reveal_delay=&#8221;0.3&#8243;][vc_single_image image=&#8221;4549&#8243; img_size=&#8221;full&#8221;][\/vc_column][vc_column width=&#8221;2\/12&#8243; reveal_effect=&#8221;fadeIn&#8221; reveal_duration=&#8221;1.5&#8243; reveal_delay=&#8221;0.5&#8243;][\/vc_column][vc_column width=&#8221;6\/12&#8243;][vc_column_text]El meu nom \u00e9s Montse i m\u2019apassiona la meva feina. Sona ut\u00f2pic poder viure sense tenir en ment quants dies queden per a les vacances, sense pensar quantes hores queden d\u2019esfor\u00e7 o simplement poder fer alguna cosa que et pertanyi. \u00c9s possible, s\u2019arriba amb&hellip;<\/p>\n","protected":false},"author":4,"featured_media":0,"parent":0,"menu_order":0,"comment_status":"open","ping_status":"open","template":"","meta":{"inline_featured_image":false},"acf":[],"yoast_head":"<!-- This site is optimized with the Yoast SEO plugin v20.8 - https:\/\/yoast.com\/wordpress\/plugins\/seo\/ -->\n<title>Sobre mi - Montse Farr\u00e9<\/title>\n<meta name=\"robots\" content=\"index, follow, max-snippet:-1, max-image-preview:large, max-video-preview:-1\" \/>\n<link rel=\"canonical\" href=\"https:\/\/www.montsefarre.com\/ca\/sobre-mi\/\" \/>\n<meta property=\"og:locale\" content=\"ca_ES\" \/>\n<meta property=\"og:type\" content=\"article\" \/>\n<meta property=\"og:title\" content=\"Sobre mi - Montse Farr\u00e9\" \/>\n<meta property=\"og:description\" content=\"[vc_row][vc_column width=&#8221;4\/12&#8243; reveal_effect=&#8221;fadeIn&#8221; reveal_duration=&#8221;1&#8243; reveal_delay=&#8221;0.3&#8243;][vc_single_image image=&#8221;4549&#8243; img_size=&#8221;full&#8221;][\/vc_column][vc_column width=&#8221;2\/12&#8243; reveal_effect=&#8221;fadeIn&#8221; reveal_duration=&#8221;1.5&#8243; reveal_delay=&#8221;0.5&#8243;][\/vc_column][vc_column width=&#8221;6\/12&#8243;][vc_column_text]El meu nom \u00e9s Montse i m\u2019apassiona la meva feina. Sona ut\u00f2pic poder viure sense tenir en ment quants dies queden per a les vacances, sense pensar quantes hores queden d\u2019esfor\u00e7 o simplement poder fer alguna cosa que et pertanyi. \u00c9s possible, s\u2019arriba amb&hellip;\" \/>\n<meta property=\"og:url\" content=\"https:\/\/www.montsefarre.com\/ca\/sobre-mi\/\" \/>\n<meta property=\"og:site_name\" content=\"Montse Farr\u00e9\" \/>\n<meta property=\"article:modified_time\" content=\"2018-02-16T18:46:34+00:00\" \/>\n<meta name=\"twitter:card\" content=\"summary_large_image\" \/>\n<meta name=\"twitter:label1\" content=\"Est. reading time\" \/>\n\t<meta name=\"twitter:data1\" content=\"1 minute\" \/>\n<script type=\"application\/ld+json\" class=\"yoast-schema-graph\">{\"@context\":\"https:\/\/schema.org\",\"@graph\":[{\"@type\":\"WebPage\",\"@id\":\"https:\/\/www.montsefarre.com\/ca\/sobre-mi\/\",\"url\":\"https:\/\/www.montsefarre.com\/ca\/sobre-mi\/\",\"name\":\"Sobre mi - Montse Farr\u00e9\",\"isPartOf\":{\"@id\":\"https:\/\/www.montsefarre.com\/#website\"},\"datePublished\":\"2018-01-24T17:03:44+00:00\",\"dateModified\":\"2018-02-16T18:46:34+00:00\",\"breadcrumb\":{\"@id\":\"https:\/\/www.montsefarre.com\/ca\/sobre-mi\/#breadcrumb\"},\"inLanguage\":\"ca-ES\",\"potentialAction\":[{\"@type\":\"ReadAction\",\"target\":[\"https:\/\/www.montsefarre.com\/ca\/sobre-mi\/\"]}]},{\"@type\":\"BreadcrumbList\",\"@id\":\"https:\/\/www.montsefarre.com\/ca\/sobre-mi\/#breadcrumb\",\"itemListElement\":[{\"@type\":\"ListItem\",\"position\":1,\"name\":\"Portada\",\"item\":\"https:\/\/www.montsefarre.com\/ca\/\"},{\"@type\":\"ListItem\",\"position\":2,\"name\":\"Sobre mi\"}]},{\"@type\":\"WebSite\",\"@id\":\"https:\/\/www.montsefarre.com\/#website\",\"url\":\"https:\/\/www.montsefarre.com\/\",\"name\":\"Montse Farr\u00e9\",\"description\":\"\",\"potentialAction\":[{\"@type\":\"SearchAction\",\"target\":{\"@type\":\"EntryPoint\",\"urlTemplate\":\"https:\/\/www.montsefarre.com\/?s={search_term_string}\"},\"query-input\":\"required name=search_term_string\"}],\"inLanguage\":\"ca-ES\"}]}<\/script>\n<!-- \/ Yoast SEO plugin. -->","yoast_head_json":{"title":"Sobre mi - Montse Farr\u00e9","robots":{"index":"index","follow":"follow","max-snippet":"max-snippet:-1","max-image-preview":"max-image-preview:large","max-video-preview":"max-video-preview:-1"},"canonical":"https:\/\/www.montsefarre.com\/ca\/sobre-mi\/","og_locale":"ca_ES","og_type":"article","og_title":"Sobre mi - Montse Farr\u00e9","og_description":"[vc_row][vc_column width=&#8221;4\/12&#8243; reveal_effect=&#8221;fadeIn&#8221; reveal_duration=&#8221;1&#8243; reveal_delay=&#8221;0.3&#8243;][vc_single_image image=&#8221;4549&#8243; img_size=&#8221;full&#8221;][\/vc_column][vc_column width=&#8221;2\/12&#8243; reveal_effect=&#8221;fadeIn&#8221; reveal_duration=&#8221;1.5&#8243; reveal_delay=&#8221;0.5&#8243;][\/vc_column][vc_column width=&#8221;6\/12&#8243;][vc_column_text]El meu nom \u00e9s Montse i m\u2019apassiona la meva feina. Sona ut\u00f2pic poder viure sense tenir en ment quants dies queden per a les vacances, sense pensar quantes hores queden d\u2019esfor\u00e7 o simplement poder fer alguna cosa que et pertanyi. \u00c9s possible, s\u2019arriba amb&hellip;","og_url":"https:\/\/www.montsefarre.com\/ca\/sobre-mi\/","og_site_name":"Montse Farr\u00e9","article_modified_time":"2018-02-16T18:46:34+00:00","twitter_card":"summary_large_image","twitter_misc":{"Est. reading time":"1 minute"},"schema":{"@context":"https:\/\/schema.org","@graph":[{"@type":"WebPage","@id":"https:\/\/www.montsefarre.com\/ca\/sobre-mi\/","url":"https:\/\/www.montsefarre.com\/ca\/sobre-mi\/","name":"Sobre mi - Montse Farr\u00e9","isPartOf":{"@id":"https:\/\/www.montsefarre.com\/#website"},"datePublished":"2018-01-24T17:03:44+00:00","dateModified":"2018-02-16T18:46:34+00:00","breadcrumb":{"@id":"https:\/\/www.montsefarre.com\/ca\/sobre-mi\/#breadcrumb"},"inLanguage":"ca-ES","potentialAction":[{"@type":"ReadAction","target":["https:\/\/www.montsefarre.com\/ca\/sobre-mi\/"]}]},{"@type":"BreadcrumbList","@id":"https:\/\/www.montsefarre.com\/ca\/sobre-mi\/#breadcrumb","itemListElement":[{"@type":"ListItem","position":1,"name":"Portada","item":"https:\/\/www.montsefarre.com\/ca\/"},{"@type":"ListItem","position":2,"name":"Sobre mi"}]},{"@type":"WebSite","@id":"https:\/\/www.montsefarre.com\/#website","url":"https:\/\/www.montsefarre.com\/","name":"Montse Farr\u00e9","description":"","potentialAction":[{"@type":"SearchAction","target":{"@type":"EntryPoint","urlTemplate":"https:\/\/www.montsefarre.com\/?s={search_term_string}"},"query-input":"required name=search_term_string"}],"inLanguage":"ca-ES"}]}},"_links":{"self":[{"href":"https:\/\/www.montsefarre.com\/ca\/wp-json\/wp\/v2\/pages\/4439"}],"collection":[{"href":"https:\/\/www.montsefarre.com\/ca\/wp-json\/wp\/v2\/pages"}],"about":[{"href":"https:\/\/www.montsefarre.com\/ca\/wp-json\/wp\/v2\/types\/page"}],"author":[{"embeddable":true,"href":"https:\/\/www.montsefarre.com\/ca\/wp-json\/wp\/v2\/users\/4"}],"replies":[{"embeddable":true,"href":"https:\/\/www.montsefarre.com\/ca\/wp-json\/wp\/v2\/comments?post=4439"}],"version-history":[{"count":4,"href":"https:\/\/www.montsefarre.com\/ca\/wp-json\/wp\/v2\/pages\/4439\/revisions"}],"predecessor-version":[{"id":4550,"href":"https:\/\/www.montsefarre.com\/ca\/wp-json\/wp\/v2\/pages\/4439\/revisions\/4550"}],"wp:attachment":[{"href":"https:\/\/www.montsefarre.com\/ca\/wp-json\/wp\/v2\/media?parent=4439"}],"curies":[{"name":"wp","href":"https:\/\/api.w.org\/{rel}","templated":true}]}}