{"id":4435,"date":"2018-01-24T16:56:38","date_gmt":"2018-01-24T16:56:38","guid":{"rendered":"http:\/\/www.montsefarre.com\/inici\/"},"modified":"2018-02-16T11:26:51","modified_gmt":"2018-02-16T11:26:51","slug":"inici","status":"publish","type":"page","link":"https:\/\/www.montsefarre.com\/ca\/","title":{"rendered":"Inici"},"content":{"rendered":"<section class=\"wpb-content-wrapper\"><p>[vc_row full_width=&#8221;stretch_row&#8221; full_height=&#8221;yes&#8221; css=&#8221;.vc_custom_1508138908106{background-image: url(http:\/\/www.montsefarre.com\/wp-content\/uploads\/2015\/03\/home-background.jpg?id=4368) !important;background-position<ins>-y<\/ins>: top<ins>; background-position-x: 90%<\/ins> !important;background-repeat: no-repeat !important;background-size: cover !important;}&#8221; el_class=&#8221;home-background&#8221;][vc_column][vc_column_text]<\/p>\n<h1 style=\"color: #000;\">Hola s\u00f3c la Montse<br \/>\ny avui far\u00e9 el<br \/>\nque m&#8217;agrada.<\/h1>\n<p>[\/vc_column_text][vc_column_text]<strong><a href=\"http:\/\/www.montsefarre.com\/ca\/sobre-mi\/\">Endavant<\/a><\/strong>[\/vc_column_text][\/vc_column][\/vc_row][vc_row css=&#8221;.vc_custom_1490905744725{padding-top: 60px !important;padding-bottom: 30px !important;}&#8221;][vc_column width=&#8221;1\/2&#8243;][lab_heading title=&#8221;El meu nom \u00e9s Montse i m\u2019apassiona la meva feina.&#8221;]Sona ut\u00f2pic poder viure sense tenir en ment quants dies queden per a les vacances, sense pensar quantes hores queden d\u2019esfor\u00e7 o simplement poder fer alguna cosa que et pertanyi. \u00c9s possible, s\u2019arriba amb passi\u00f3.<\/p>\n<p><small>Oswaldo \u00c1lvarez<\/small>[\/lab_heading][vc_column_text]<a href=\"http:\/\/www.montsefarre.com\/ca\/serveis\/\">Els meus serveis<\/a>[\/vc_column_text][\/vc_column][vc_column width=&#8221;1\/2&#8243;][\/vc_column][\/vc_row][vc_row no_bottom_margin=&#8221;yes&#8221; css=&#8221;.vc_custom_1490906058020{padding-top: 0px !important;padding-bottom: 30px !important;background-color: #f5f5f5 !important;}&#8221;][vc_column][lab_portfolio_items title=&#8221;\u00daltims projectes&#8221; description=&#8221;Passi\u00f3, treball, focus, executar, idees, cr\u00e9ixer, servir i persistir&#8221; category_filter=&#8221;no&#8221; portfolio_type=&#8221;type-2&#8243; dynamic_image_height=&#8221;yes&#8221; pagination_type=&#8221;endless&#8221; portfolio_query=&#8221;size:8|order_by:date|post_type:portfolio&#8221; css=&#8221;.vc_custom_1490904616866{padding-top: 90px !important;padding-bottom: 90px !important;}&#8221;][\/vc_column][\/vc_row]<\/p>\n<\/section>","protected":false},"excerpt":{"rendered":"<p>[vc_row full_width=&#8221;stretch_row&#8221; full_height=&#8221;yes&#8221; css=&#8221;.vc_custom_1508138908106{background-image: url(http:\/\/www.montsefarre.com\/wp-content\/uploads\/2015\/03\/home-background.jpg?id=4368) !important;background-position-y: top; background-position-x: 90% !important;background-repeat: no-repeat !important;background-size: cover !important;}&#8221; el_class=&#8221;home-background&#8221;][vc_column][vc_column_text] Hola s\u00f3c la Montse y avui far\u00e9 el que m&#8217;agrada. [\/vc_column_text][vc_column_text]Endavant[\/vc_column_text][\/vc_column][\/vc_row][vc_row css=&#8221;.vc_custom_1490905744725{padding-top: 60px !important;padding-bottom: 30px !important;}&#8221;][vc_column width=&#8221;1\/2&#8243;][lab_heading title=&#8221;El meu nom \u00e9s Montse i m\u2019apassiona la meva feina.&#8221;]Sona ut\u00f2pic poder viure sense tenir en ment quants dies queden per a les&hellip;<\/p>\n","protected":false},"author":4,"featured_media":0,"parent":0,"menu_order":0,"comment_status":"open","ping_status":"open","template":"","meta":{"inline_featured_image":false},"acf":[],"yoast_head":"<!-- This site is optimized with the Yoast SEO plugin v20.8 - https:\/\/yoast.com\/wordpress\/plugins\/seo\/ -->\n<title>Inici - Montse Farr\u00e9<\/title>\n<meta name=\"robots\" content=\"index, follow, max-snippet:-1, max-image-preview:large, max-video-preview:-1\" \/>\n<link rel=\"canonical\" href=\"http:\/\/www.montsefarre.com\/ca\/\" \/>\n<meta property=\"og:locale\" content=\"ca_ES\" \/>\n<meta property=\"og:type\" content=\"article\" \/>\n<meta property=\"og:title\" content=\"Inici - Montse Farr\u00e9\" \/>\n<meta property=\"og:description\" content=\"[vc_row full_width=&#8221;stretch_row&#8221; full_height=&#8221;yes&#8221; css=&#8221;.vc_custom_1508138908106{background-image: url(http:\/\/www.montsefarre.com\/wp-content\/uploads\/2015\/03\/home-background.jpg?id=4368) !important;background-position-y: top; background-position-x: 90% !important;background-repeat: no-repeat !important;background-size: cover !important;}&#8221; el_class=&#8221;home-background&#8221;][vc_column][vc_column_text] Hola s\u00f3c la Montse y avui far\u00e9 el que m&#8217;agrada. [\/vc_column_text][vc_column_text]Endavant[\/vc_column_text][\/vc_column][\/vc_row][vc_row css=&#8221;.vc_custom_1490905744725{padding-top: 60px !important;padding-bottom: 30px !important;}&#8221;][vc_column width=&#8221;1\/2&#8243;][lab_heading title=&#8221;El meu nom \u00e9s Montse i m\u2019apassiona la meva feina.&#8221;]Sona ut\u00f2pic poder viure sense tenir en ment quants dies queden per a les&hellip;\" \/>\n<meta property=\"og:url\" content=\"http:\/\/www.montsefarre.com\/ca\/\" \/>\n<meta property=\"og:site_name\" content=\"Montse Farr\u00e9\" \/>\n<meta property=\"article:modified_time\" content=\"2018-02-16T11:26:51+00:00\" \/>\n<meta name=\"twitter:card\" content=\"summary_large_image\" \/>\n<meta name=\"twitter:label1\" content=\"Est. reading time\" \/>\n\t<meta name=\"twitter:data1\" content=\"1 minute\" \/>\n<script type=\"application\/ld+json\" class=\"yoast-schema-graph\">{\"@context\":\"https:\/\/schema.org\",\"@graph\":[{\"@type\":\"WebPage\",\"@id\":\"http:\/\/www.montsefarre.com\/ca\/\",\"url\":\"http:\/\/www.montsefarre.com\/ca\/\",\"name\":\"Inici - Montse Farr\u00e9\",\"isPartOf\":{\"@id\":\"https:\/\/www.montsefarre.com\/#website\"},\"datePublished\":\"2018-01-24T16:56:38+00:00\",\"dateModified\":\"2018-02-16T11:26:51+00:00\",\"breadcrumb\":{\"@id\":\"http:\/\/www.montsefarre.com\/ca\/#breadcrumb\"},\"inLanguage\":\"ca-ES\",\"potentialAction\":[{\"@type\":\"ReadAction\",\"target\":[\"http:\/\/www.montsefarre.com\/ca\/\"]}]},{\"@type\":\"BreadcrumbList\",\"@id\":\"http:\/\/www.montsefarre.com\/ca\/#breadcrumb\",\"itemListElement\":[{\"@type\":\"ListItem\",\"position\":1,\"name\":\"Portada\",\"item\":\"http:\/\/www.montsefarre.com\/ca\/\"},{\"@type\":\"ListItem\",\"position\":2,\"name\":\"Inici\"}]},{\"@type\":\"WebSite\",\"@id\":\"https:\/\/www.montsefarre.com\/#website\",\"url\":\"https:\/\/www.montsefarre.com\/\",\"name\":\"Montse Farr\u00e9\",\"description\":\"\",\"potentialAction\":[{\"@type\":\"SearchAction\",\"target\":{\"@type\":\"EntryPoint\",\"urlTemplate\":\"https:\/\/www.montsefarre.com\/?s={search_term_string}\"},\"query-input\":\"required name=search_term_string\"}],\"inLanguage\":\"ca-ES\"}]}<\/script>\n<!-- \/ Yoast SEO plugin. -->","yoast_head_json":{"title":"Inici - Montse Farr\u00e9","robots":{"index":"index","follow":"follow","max-snippet":"max-snippet:-1","max-image-preview":"max-image-preview:large","max-video-preview":"max-video-preview:-1"},"canonical":"http:\/\/www.montsefarre.com\/ca\/","og_locale":"ca_ES","og_type":"article","og_title":"Inici - Montse Farr\u00e9","og_description":"[vc_row full_width=&#8221;stretch_row&#8221; full_height=&#8221;yes&#8221; css=&#8221;.vc_custom_1508138908106{background-image: url(http:\/\/www.montsefarre.com\/wp-content\/uploads\/2015\/03\/home-background.jpg?id=4368) !important;background-position-y: top; background-position-x: 90% !important;background-repeat: no-repeat !important;background-size: cover !important;}&#8221; el_class=&#8221;home-background&#8221;][vc_column][vc_column_text] Hola s\u00f3c la Montse y avui far\u00e9 el que m&#8217;agrada. [\/vc_column_text][vc_column_text]Endavant[\/vc_column_text][\/vc_column][\/vc_row][vc_row css=&#8221;.vc_custom_1490905744725{padding-top: 60px !important;padding-bottom: 30px !important;}&#8221;][vc_column width=&#8221;1\/2&#8243;][lab_heading title=&#8221;El meu nom \u00e9s Montse i m\u2019apassiona la meva feina.&#8221;]Sona ut\u00f2pic poder viure sense tenir en ment quants dies queden per a les&hellip;","og_url":"http:\/\/www.montsefarre.com\/ca\/","og_site_name":"Montse Farr\u00e9","article_modified_time":"2018-02-16T11:26:51+00:00","twitter_card":"summary_large_image","twitter_misc":{"Est. reading time":"1 minute"},"schema":{"@context":"https:\/\/schema.org","@graph":[{"@type":"WebPage","@id":"http:\/\/www.montsefarre.com\/ca\/","url":"http:\/\/www.montsefarre.com\/ca\/","name":"Inici - Montse Farr\u00e9","isPartOf":{"@id":"https:\/\/www.montsefarre.com\/#website"},"datePublished":"2018-01-24T16:56:38+00:00","dateModified":"2018-02-16T11:26:51+00:00","breadcrumb":{"@id":"http:\/\/www.montsefarre.com\/ca\/#breadcrumb"},"inLanguage":"ca-ES","potentialAction":[{"@type":"ReadAction","target":["http:\/\/www.montsefarre.com\/ca\/"]}]},{"@type":"BreadcrumbList","@id":"http:\/\/www.montsefarre.com\/ca\/#breadcrumb","itemListElement":[{"@type":"ListItem","position":1,"name":"Portada","item":"http:\/\/www.montsefarre.com\/ca\/"},{"@type":"ListItem","position":2,"name":"Inici"}]},{"@type":"WebSite","@id":"https:\/\/www.montsefarre.com\/#website","url":"https:\/\/www.montsefarre.com\/","name":"Montse Farr\u00e9","description":"","potentialAction":[{"@type":"SearchAction","target":{"@type":"EntryPoint","urlTemplate":"https:\/\/www.montsefarre.com\/?s={search_term_string}"},"query-input":"required name=search_term_string"}],"inLanguage":"ca-ES"}]}},"_links":{"self":[{"href":"https:\/\/www.montsefarre.com\/ca\/wp-json\/wp\/v2\/pages\/4435"}],"collection":[{"href":"https:\/\/www.montsefarre.com\/ca\/wp-json\/wp\/v2\/pages"}],"about":[{"href":"https:\/\/www.montsefarre.com\/ca\/wp-json\/wp\/v2\/types\/page"}],"author":[{"embeddable":true,"href":"https:\/\/www.montsefarre.com\/ca\/wp-json\/wp\/v2\/users\/4"}],"replies":[{"embeddable":true,"href":"https:\/\/www.montsefarre.com\/ca\/wp-json\/wp\/v2\/comments?post=4435"}],"version-history":[{"count":8,"href":"https:\/\/www.montsefarre.com\/ca\/wp-json\/wp\/v2\/pages\/4435\/revisions"}],"predecessor-version":[{"id":4488,"href":"https:\/\/www.montsefarre.com\/ca\/wp-json\/wp\/v2\/pages\/4435\/revisions\/4488"}],"wp:attachment":[{"href":"https:\/\/www.montsefarre.com\/ca\/wp-json\/wp\/v2\/media?parent=4435"}],"curies":[{"name":"wp","href":"https:\/\/api.w.org\/{rel}","templated":true}]}}